{"id":572,"date":"2024-12-28T09:58:46","date_gmt":"2024-12-28T01:58:46","guid":{"rendered":"https:\/\/www.5gcore.com\/?page_id=572"},"modified":"2026-03-14T17:37:27","modified_gmt":"2026-03-14T09:37:27","slug":"index","status":"publish","type":"page","link":"https:\/\/solutions.iplook.com\/pl\/","title":{"rendered":"Indeks"},"content":{"rendered":"<div data-elementor-type=\"wp-page\" data-elementor-id=\"572\" class=\"elementor elementor-572\" data-elementor-post-type=\"page\">\n\t\t\t\t<div class=\"elementor-element elementor-element-8c07534 e-flex e-con-boxed e-con e-parent\" data-id=\"8c07534\" data-element_type=\"container\" data-e-type=\"container\" data-settings=\"{&quot;background_background&quot;:&quot;classic&quot;}\">\n\t\t\t\t\t<div class=\"e-con-inner\">\n\t\t\t\t<div class=\"elementor-element elementor-element-6d2d47c elementor-widget elementor-widget-heading\" data-id=\"6d2d47c\" data-element_type=\"widget\" data-e-type=\"widget\" data-widget_type=\"heading.default\">\n\t\t\t\t<div class=\"elementor-widget-container\">\n\t\t\t\t\t<h1 class=\"elementor-heading-title elementor-size-default\">Rozwi\u0105zania dla sieci kom\u00f3rkowych<\/h1>\t\t\t\t<\/div>\n\t\t\t\t<\/div>\n\t\t\t\t<div class=\"elementor-element elementor-element-80292ad elementor-widget elementor-widget-text-editor\" data-id=\"80292ad\" data-element_type=\"widget\" data-e-type=\"widget\" data-widget_type=\"text-editor.default\">\n\t\t\t\t<div class=\"elementor-widget-container\">\n\t\t\t\t\t\t\t\t\t<p>Poznaj rozwi\u0105zania mobilnej sieci rdzeniowej IPLOOK dla operator\u00f3w i przedsi\u0119biorstw, w tym MNO, MVNO, MVNE, VoWiFi, FWA i Private LTE. Tw\u00f3rz skalowalne i elastyczne sieci telekomunikacyjne dzi\u0119ki naszej konwergentnej platformie rdzeniowej.<\/p>\t\t\t\t\t\t\t\t<\/div>\n\t\t\t\t<\/div>\n\t\t\t\t\t<\/div>\n\t\t\t\t<\/div>\n\t\t<div class=\"elementor-element elementor-element-90efbba e-grid e-con-boxed e-con e-parent\" data-id=\"90efbba\" data-element_type=\"container\" data-e-type=\"container\">\n\t\t\t\t\t<div class=\"e-con-inner\">\n\t\t\t\t<div class=\"elementor-element elementor-element-bdc6e4e elementor-position-top elementor-widget elementor-widget-image-box\" data-id=\"bdc6e4e\" data-element_type=\"widget\" data-e-type=\"widget\" data-widget_type=\"image-box.default\">\n\t\t\t\t<div class=\"elementor-widget-container\">\n\t\t\t\t\t<div class=\"elementor-image-box-wrapper\"><figure class=\"elementor-image-box-img\"><a href=\"https:\/\/solutions.iplook.com\/pl\/rozwiazanie-mno\/\" tabindex=\"-1\"><img fetchpriority=\"high\" decoding=\"async\" width=\"662\" height=\"478\" src=\"https:\/\/solutions.iplook.com\/wp-content\/uploads\/2024\/12\/afd1f9832d.webp\" class=\"attachment-full size-full wp-image-581\" alt=\"\" srcset=\"https:\/\/solutions.iplook.com\/wp-content\/uploads\/2024\/12\/afd1f9832d.webp 662w, https:\/\/solutions.iplook.com\/wp-content\/uploads\/2024\/12\/afd1f9832d-300x217.webp 300w\" sizes=\"(max-width: 662px) 100vw, 662px\" \/><\/a><\/figure><div class=\"elementor-image-box-content\"><h2 class=\"elementor-image-box-title\"><a href=\"https:\/\/solutions.iplook.com\/pl\/rozwiazanie-mno\/\">Rozwi\u0105zanie MNO<\/a><\/h2><\/div><\/div>\t\t\t\t<\/div>\n\t\t\t\t<\/div>\n\t\t\t\t<div class=\"elementor-element elementor-element-bd4f0f4 elementor-position-top elementor-widget elementor-widget-image-box\" data-id=\"bd4f0f4\" data-element_type=\"widget\" data-e-type=\"widget\" data-widget_type=\"image-box.default\">\n\t\t\t\t<div class=\"elementor-widget-container\">\n\t\t\t\t\t<div class=\"elementor-image-box-wrapper\"><figure class=\"elementor-image-box-img\"><a href=\"https:\/\/solutions.iplook.com\/pl\/rozwiazanie-mvno\/\" tabindex=\"-1\"><img decoding=\"async\" width=\"800\" height=\"580\" src=\"https:\/\/solutions.iplook.com\/wp-content\/uploads\/2025\/06\/a6685ca029.webp\" class=\"attachment-full size-full wp-image-1790\" alt=\"Rozwi\u0105zanie MVNO\" srcset=\"https:\/\/solutions.iplook.com\/wp-content\/uploads\/2025\/06\/a6685ca029.webp 800w, https:\/\/solutions.iplook.com\/wp-content\/uploads\/2025\/06\/a6685ca029-300x218.webp 300w, https:\/\/solutions.iplook.com\/wp-content\/uploads\/2025\/06\/a6685ca029-768x557.webp 768w, https:\/\/solutions.iplook.com\/wp-content\/uploads\/2025\/06\/a6685ca029-18x12.webp 18w\" sizes=\"(max-width: 800px) 100vw, 800px\" \/><\/a><\/figure><div class=\"elementor-image-box-content\"><h2 class=\"elementor-image-box-title\"><a href=\"https:\/\/solutions.iplook.com\/pl\/rozwiazanie-mvno\/\">Rozwi\u0105zanie MVNO<\/a><\/h2><\/div><\/div>\t\t\t\t<\/div>\n\t\t\t\t<\/div>\n\t\t\t\t<div class=\"elementor-element elementor-element-81a554a elementor-position-top elementor-widget elementor-widget-image-box\" data-id=\"81a554a\" data-element_type=\"widget\" data-e-type=\"widget\" data-widget_type=\"image-box.default\">\n\t\t\t\t<div class=\"elementor-widget-container\">\n\t\t\t\t\t<div class=\"elementor-image-box-wrapper\"><figure class=\"elementor-image-box-img\"><a href=\"https:\/\/solutions.iplook.com\/pl\/rozwiazanie-mvne\/\" tabindex=\"-1\"><img decoding=\"async\" width=\"806\" height=\"581\" src=\"https:\/\/solutions.iplook.com\/wp-content\/uploads\/2025\/06\/mvne.webp\" class=\"attachment-full size-full wp-image-1754\" alt=\"Rozwi\u0105zanie MVNE\" srcset=\"https:\/\/solutions.iplook.com\/wp-content\/uploads\/2025\/06\/mvne.webp 806w, https:\/\/solutions.iplook.com\/wp-content\/uploads\/2025\/06\/mvne-300x216.webp 300w, https:\/\/solutions.iplook.com\/wp-content\/uploads\/2025\/06\/mvne-768x554.webp 768w, https:\/\/solutions.iplook.com\/wp-content\/uploads\/2025\/06\/mvne-18x12.webp 18w\" sizes=\"(max-width: 806px) 100vw, 806px\" \/><\/a><\/figure><div class=\"elementor-image-box-content\"><h2 class=\"elementor-image-box-title\"><a href=\"https:\/\/solutions.iplook.com\/pl\/rozwiazanie-mvne\/\">Rozwi\u0105zanie MVNE<\/a><\/h2><\/div><\/div>\t\t\t\t<\/div>\n\t\t\t\t<\/div>\n\t\t\t\t<div class=\"elementor-element elementor-element-21da93f elementor-position-top elementor-widget elementor-widget-image-box\" data-id=\"21da93f\" data-element_type=\"widget\" data-e-type=\"widget\" data-widget_type=\"image-box.default\">\n\t\t\t\t<div class=\"elementor-widget-container\">\n\t\t\t\t\t<div class=\"elementor-image-box-wrapper\"><figure class=\"elementor-image-box-img\"><a href=\"https:\/\/solutions.iplook.com\/pl\/rozwiazanie-vowifi\/\" tabindex=\"-1\"><img loading=\"lazy\" decoding=\"async\" width=\"806\" height=\"581\" src=\"https:\/\/solutions.iplook.com\/wp-content\/uploads\/2025\/10\/VoWiFi-Solution-2.webp\" class=\"attachment-full size-full wp-image-2349\" alt=\"Rozwi\u0105zanie VoWiFi\" srcset=\"https:\/\/solutions.iplook.com\/wp-content\/uploads\/2025\/10\/VoWiFi-Solution-2.webp 806w, https:\/\/solutions.iplook.com\/wp-content\/uploads\/2025\/10\/VoWiFi-Solution-2-300x216.webp 300w, https:\/\/solutions.iplook.com\/wp-content\/uploads\/2025\/10\/VoWiFi-Solution-2-768x554.webp 768w, https:\/\/solutions.iplook.com\/wp-content\/uploads\/2025\/10\/VoWiFi-Solution-2-18x12.webp 18w\" sizes=\"(max-width: 806px) 100vw, 806px\" \/><\/a><\/figure><div class=\"elementor-image-box-content\"><h2 class=\"elementor-image-box-title\"><a href=\"https:\/\/solutions.iplook.com\/pl\/rozwiazanie-vowifi\/\">Rozwi\u0105zanie VoWiFi<\/a><\/h2><\/div><\/div>\t\t\t\t<\/div>\n\t\t\t\t<\/div>\n\t\t\t\t<div class=\"elementor-element elementor-element-528f8c2 elementor-position-top elementor-widget elementor-widget-image-box\" data-id=\"528f8c2\" data-element_type=\"widget\" data-e-type=\"widget\" data-widget_type=\"image-box.default\">\n\t\t\t\t<div class=\"elementor-widget-container\">\n\t\t\t\t\t<div class=\"elementor-image-box-wrapper\"><figure class=\"elementor-image-box-img\"><a href=\"https:\/\/solutions.iplook.com\/pl\/rozwiazanie-fwa\/\" tabindex=\"-1\"><img loading=\"lazy\" decoding=\"async\" width=\"1813\" height=\"1309\" src=\"https:\/\/solutions.iplook.com\/wp-content\/uploads\/2024\/12\/4d5f86b872.webp\" class=\"attachment-full size-full wp-image-583\" alt=\"\" srcset=\"https:\/\/solutions.iplook.com\/wp-content\/uploads\/2024\/12\/4d5f86b872.webp 1813w, https:\/\/solutions.iplook.com\/wp-content\/uploads\/2024\/12\/4d5f86b872-300x217.webp 300w, https:\/\/solutions.iplook.com\/wp-content\/uploads\/2024\/12\/4d5f86b872-1024x739.webp 1024w, https:\/\/solutions.iplook.com\/wp-content\/uploads\/2024\/12\/4d5f86b872-768x555.webp 768w, https:\/\/solutions.iplook.com\/wp-content\/uploads\/2024\/12\/4d5f86b872-1536x1109.webp 1536w\" sizes=\"(max-width: 1813px) 100vw, 1813px\" \/><\/a><\/figure><div class=\"elementor-image-box-content\"><h2 class=\"elementor-image-box-title\"><a href=\"https:\/\/solutions.iplook.com\/pl\/rozwiazanie-fwa\/\">Rozwi\u0105zanie FWA<\/a><\/h2><\/div><\/div>\t\t\t\t<\/div>\n\t\t\t\t<\/div>\n\t\t\t\t<div class=\"elementor-element elementor-element-b9f04e0 elementor-position-top elementor-widget elementor-widget-image-box\" data-id=\"b9f04e0\" data-element_type=\"widget\" data-e-type=\"widget\" data-widget_type=\"image-box.default\">\n\t\t\t\t<div class=\"elementor-widget-container\">\n\t\t\t\t\t<div class=\"elementor-image-box-wrapper\"><figure class=\"elementor-image-box-img\"><a href=\"\/pl\/private_lte_solution\/\" tabindex=\"-1\"><img loading=\"lazy\" decoding=\"async\" width=\"662\" height=\"478\" src=\"https:\/\/solutions.iplook.com\/wp-content\/uploads\/2024\/12\/340c7be8f4.webp\" class=\"attachment-full size-full wp-image-576\" alt=\"\" srcset=\"https:\/\/solutions.iplook.com\/wp-content\/uploads\/2024\/12\/340c7be8f4.webp 662w, https:\/\/solutions.iplook.com\/wp-content\/uploads\/2024\/12\/340c7be8f4-300x217.webp 300w\" sizes=\"(max-width: 662px) 100vw, 662px\" \/><\/a><\/figure><div class=\"elementor-image-box-content\"><h2 class=\"elementor-image-box-title\"><a href=\"\/pl\/private_lte_solution\/\">Prywatne rozwi\u0105zanie LTE<\/a><\/h2><\/div><\/div>\t\t\t\t<\/div>\n\t\t\t\t<\/div>\n\t\t\t\t<div class=\"elementor-element elementor-element-93799a3 elementor-position-top elementor-widget elementor-widget-image-box\" data-id=\"93799a3\" data-element_type=\"widget\" data-e-type=\"widget\" data-widget_type=\"image-box.default\">\n\t\t\t\t<div class=\"elementor-widget-container\">\n\t\t\t\t\t<div class=\"elementor-image-box-wrapper\"><figure class=\"elementor-image-box-img\"><a href=\"https:\/\/www.iplook.com\/solutions\/e2e-wireless-solution_s0007.html\" tabindex=\"-1\" target=\"_blank\" rel=\"noopener\"><img loading=\"lazy\" decoding=\"async\" width=\"662\" height=\"478\" src=\"https:\/\/solutions.iplook.com\/wp-content\/uploads\/2024\/12\/0c0e4b3e3b.webp\" class=\"attachment-full size-full wp-image-584\" alt=\"\" srcset=\"https:\/\/solutions.iplook.com\/wp-content\/uploads\/2024\/12\/0c0e4b3e3b.webp 662w, https:\/\/solutions.iplook.com\/wp-content\/uploads\/2024\/12\/0c0e4b3e3b-300x217.webp 300w\" sizes=\"(max-width: 662px) 100vw, 662px\" \/><\/a><\/figure><div class=\"elementor-image-box-content\"><h2 class=\"elementor-image-box-title\"><a href=\"https:\/\/www.iplook.com\/solutions\/e2e-wireless-solution_s0007.html\" target=\"_blank\" rel=\"noopener\">Rozwi\u0105zanie bezprzewodowe E2E<\/a><\/h2><\/div><\/div>\t\t\t\t<\/div>\n\t\t\t\t<\/div>\n\t\t\t\t<div class=\"elementor-element elementor-element-cf5742d elementor-position-top elementor-widget elementor-widget-image-box\" data-id=\"cf5742d\" data-element_type=\"widget\" data-e-type=\"widget\" data-widget_type=\"image-box.default\">\n\t\t\t\t<div class=\"elementor-widget-container\">\n\t\t\t\t\t<div class=\"elementor-image-box-wrapper\"><figure class=\"elementor-image-box-img\"><a href=\"https:\/\/www.iplook.com\/solutions\/mec-solution_s0012.html\" tabindex=\"-1\" target=\"_blank\" rel=\"noopener\"><img loading=\"lazy\" decoding=\"async\" width=\"662\" height=\"478\" src=\"https:\/\/solutions.iplook.com\/wp-content\/uploads\/2024\/12\/35d9a5378b.webp\" class=\"attachment-full size-full wp-image-585\" alt=\"\" srcset=\"https:\/\/solutions.iplook.com\/wp-content\/uploads\/2024\/12\/35d9a5378b.webp 662w, https:\/\/solutions.iplook.com\/wp-content\/uploads\/2024\/12\/35d9a5378b-300x217.webp 300w\" sizes=\"(max-width: 662px) 100vw, 662px\" \/><\/a><\/figure><div class=\"elementor-image-box-content\"><h2 class=\"elementor-image-box-title\"><a href=\"https:\/\/www.iplook.com\/solutions\/mec-solution_s0012.html\" target=\"_blank\" rel=\"noopener\">MEC Solution<\/a><\/h2><\/div><\/div>\t\t\t\t<\/div>\n\t\t\t\t<\/div>\n\t\t\t\t<div class=\"elementor-element elementor-element-d08cf55 elementor-position-top elementor-widget elementor-widget-image-box\" data-id=\"d08cf55\" data-element_type=\"widget\" data-e-type=\"widget\" data-widget_type=\"image-box.default\">\n\t\t\t\t<div class=\"elementor-widget-container\">\n\t\t\t\t\t<div class=\"elementor-image-box-wrapper\"><figure class=\"elementor-image-box-img\"><a href=\"https:\/\/www.iplook.com\/solutions\/nb-iot-solution_s0011.html\" tabindex=\"-1\" target=\"_blank\" rel=\"noopener\"><img loading=\"lazy\" decoding=\"async\" width=\"662\" height=\"478\" src=\"https:\/\/solutions.iplook.com\/wp-content\/uploads\/2024\/12\/109a1c60a9.webp\" class=\"attachment-full size-full wp-image-586\" alt=\"\" srcset=\"https:\/\/solutions.iplook.com\/wp-content\/uploads\/2024\/12\/109a1c60a9.webp 662w, https:\/\/solutions.iplook.com\/wp-content\/uploads\/2024\/12\/109a1c60a9-300x217.webp 300w\" sizes=\"(max-width: 662px) 100vw, 662px\" \/><\/a><\/figure><div class=\"elementor-image-box-content\"><h2 class=\"elementor-image-box-title\"><a href=\"https:\/\/www.iplook.com\/solutions\/nb-iot-solution_s0011.html\" target=\"_blank\" rel=\"noopener\">Rozwi\u0105zanie NB-IoT<\/a><\/h2><\/div><\/div>\t\t\t\t<\/div>\n\t\t\t\t<\/div>\n\t\t\t\t<div class=\"elementor-element elementor-element-6ec858f elementor-position-top elementor-widget elementor-widget-image-box\" data-id=\"6ec858f\" data-element_type=\"widget\" data-e-type=\"widget\" data-widget_type=\"image-box.default\">\n\t\t\t\t<div class=\"elementor-widget-container\">\n\t\t\t\t\t<div class=\"elementor-image-box-wrapper\"><figure class=\"elementor-image-box-img\"><a href=\"https:\/\/www.iplook.com\/solutions\/satellite-solution_s0014.html\" tabindex=\"-1\" target=\"_blank\" rel=\"noopener\"><img loading=\"lazy\" decoding=\"async\" width=\"662\" height=\"478\" src=\"https:\/\/solutions.iplook.com\/wp-content\/uploads\/2024\/12\/56b68d0efb.webp\" class=\"attachment-full size-full wp-image-587\" alt=\"\" srcset=\"https:\/\/solutions.iplook.com\/wp-content\/uploads\/2024\/12\/56b68d0efb.webp 662w, https:\/\/solutions.iplook.com\/wp-content\/uploads\/2024\/12\/56b68d0efb-300x217.webp 300w\" sizes=\"(max-width: 662px) 100vw, 662px\" \/><\/a><\/figure><div class=\"elementor-image-box-content\"><h2 class=\"elementor-image-box-title\"><a href=\"https:\/\/www.iplook.com\/solutions\/satellite-solution_s0014.html\" target=\"_blank\" rel=\"noopener\">Rozwi\u0105zanie satelitarne<\/a><\/h2><\/div><\/div>\t\t\t\t<\/div>\n\t\t\t\t<\/div>\n\t\t\t\t\t<\/div>\n\t\t\t\t<\/div>\n\t\t\t\t<\/div>","protected":false},"excerpt":{"rendered":"<p>Mobile Core Network Solutions Explore IPLOOK&#8217;s mobile core network solutions for operators and enterprises, including MNO, MVNO, MVNE, VoWiFi, FWA, and Private LTE. Build scalable and flexible telecom networks with our converged core platform. MNO Solution MVNO Solution MVNE Solution VoWiFi Solution FWA Solution Private LTE Solution E2E Wireless Solution MEC Solution NB-IoT Solution Satellite [&hellip;]<\/p>\n","protected":false},"author":1,"featured_media":0,"parent":0,"menu_order":0,"comment_status":"closed","ping_status":"closed","template":"","meta":{"footnotes":""},"class_list":["post-572","page","type-page","status-publish","hentry"],"_links":{"self":[{"href":"https:\/\/solutions.iplook.com\/pl\/wp-json\/wp\/v2\/pages\/572","targetHints":{"allow":["GET"]}}],"collection":[{"href":"https:\/\/solutions.iplook.com\/pl\/wp-json\/wp\/v2\/pages"}],"about":[{"href":"https:\/\/solutions.iplook.com\/pl\/wp-json\/wp\/v2\/types\/page"}],"author":[{"embeddable":true,"href":"https:\/\/solutions.iplook.com\/pl\/wp-json\/wp\/v2\/users\/1"}],"replies":[{"embeddable":true,"href":"https:\/\/solutions.iplook.com\/pl\/wp-json\/wp\/v2\/comments?post=572"}],"version-history":[{"count":37,"href":"https:\/\/solutions.iplook.com\/pl\/wp-json\/wp\/v2\/pages\/572\/revisions"}],"predecessor-version":[{"id":2635,"href":"https:\/\/solutions.iplook.com\/pl\/wp-json\/wp\/v2\/pages\/572\/revisions\/2635"}],"wp:attachment":[{"href":"https:\/\/solutions.iplook.com\/pl\/wp-json\/wp\/v2\/media?parent=572"}],"curies":[{"name":"wp","href":"https:\/\/api.w.org\/{rel}","templated":true}]}}